{"id":87,"date":"2024-11-18T12:54:01","date_gmt":"2024-11-18T11:54:01","guid":{"rendered":"https:\/\/asta.uni-saarland.de\/champus\/?page_id=87"},"modified":"2024-11-18T12:56:28","modified_gmt":"2024-11-18T11:56:28","slug":"alle-artikel","status":"publish","type":"page","link":"https:\/\/asta.uni-saarland.de\/champus\/alle-artikel\/","title":{"rendered":"Alle Artikel"},"content":{"rendered":"\n<div class=\"wp-block-query is-layout-flow wp-block-query-is-layout-flow\"><ul class=\"columns-1 wp-block-post-template is-layout-grid wp-container-core-post-template-is-layout-f9ac393c wp-block-post-template-is-layout-grid\"><li class=\"wp-block-post post-152 post type-post status-publish format-standard hentry category-artikel category-rezept tag-christmas-champus-edition tag-kurzgeschichte tag-plaetzchen tag-plaetzchenliebe tag-true-crime tag-wahre-begebenheit tag-weihnachten tag-weihnachtszauber tag-weihnachtszeit\">\n\n<div class=\"wp-block-group is-content-justification-space-between is-nowrap is-layout-flex wp-container-core-group-is-layout-0dfbf163 wp-block-group-is-layout-flex\"><div class=\"wp-block-post-date\"><time datetime=\"2024-12-26T22:37:47+01:00\">26. Dezember 2024<\/time><\/div>\n\n<div style=\"background-color:#385a60;padding-top:var(--wp--preset--spacing--20);padding-bottom:var(--wp--preset--spacing--20);padding-left:var(--wp--preset--spacing--40);padding-right:var(--wp--preset--spacing--40)\" class=\"taxonomy-category wp-block-post-terms has-background\"><a href=\"https:\/\/asta.uni-saarland.de\/champus\/category\/artikel\/\" rel=\"tag\">Artikel<\/a><span class=\"wp-block-post-terms__separator\">, <\/span><a href=\"https:\/\/asta.uni-saarland.de\/champus\/category\/rezept\/\" rel=\"tag\">Rezept<\/a><\/div><\/div>\n\n\n<h1 class=\"wp-block-post-title\">Pl\u00e4tzchenliebe<\/h1>\n\n<div class=\"wp-block-post-excerpt\"><p class=\"wp-block-post-excerpt__excerpt\">\ud83c\udf84\ud83c\udf6a\ud83c\udf81\ud83e\uddf8\ud83c\udf84\ud83c\udf6a\ud83c\udf81\ud83e\uddf8\ud83c\udf84\ud83c\udf6a\ud83c\udf81\ud83e\uddf8\ud83c\udf84\ud83c\udf6a\ud83c\udf81\ud83e\uddf8 Hattet ihr auch schon mal diese unb\u00e4ndige Lust auf leckere Pl\u00e4tzchen? Lucas Bambach verpackt eine wahre Begebenheit in einer \u00e4u\u00dferst kreativ-am\u00fcsanten True-Crime-Kurzgeschichte. Aber lest selbst: Pl\u00e4tzchenliebe Nach einer wahren<\/p><p class=\"wp-block-post-excerpt__more-text\"><a class=\"wp-block-post-excerpt__more-link\" href=\"https:\/\/asta.uni-saarland.de\/champus\/2024\/12\/26\/plaetzchenliebe\/\">weiterlesen \/ read more<\/a><\/p><\/div>\n\n\n<hr class=\"wp-block-separator has-alpha-channel-opacity is-style-wide\"\/>\n\n<\/li><li class=\"wp-block-post post-149 post type-post status-publish format-standard hentry category-allgemein category-artikel category-rezept tag-christmas-champus-edition tag-einfaches-rezept tag-gebrannte-mandeln tag-plaetzchen tag-rezept tag-weihnachten tag-weihnachtszauber tag-weihnachtszeit\">\n\n<div class=\"wp-block-group is-content-justification-space-between is-nowrap is-layout-flex wp-container-core-group-is-layout-0dfbf163 wp-block-group-is-layout-flex\"><div class=\"wp-block-post-date\"><time datetime=\"2024-12-26T22:06:13+01:00\">26. Dezember 2024<\/time><\/div>\n\n<div style=\"background-color:#385a60;padding-top:var(--wp--preset--spacing--20);padding-bottom:var(--wp--preset--spacing--20);padding-left:var(--wp--preset--spacing--40);padding-right:var(--wp--preset--spacing--40)\" class=\"taxonomy-category wp-block-post-terms has-background\"><a href=\"https:\/\/asta.uni-saarland.de\/champus\/category\/allgemein\/\" rel=\"tag\">Allgemein<\/a><span class=\"wp-block-post-terms__separator\">, <\/span><a href=\"https:\/\/asta.uni-saarland.de\/champus\/category\/artikel\/\" rel=\"tag\">Artikel<\/a><span class=\"wp-block-post-terms__separator\">, <\/span><a href=\"https:\/\/asta.uni-saarland.de\/champus\/category\/rezept\/\" rel=\"tag\">Rezept<\/a><\/div><\/div>\n\n\n<h1 class=\"wp-block-post-title\">Gebrannte Mandeln<\/h1>\n\n<div class=\"wp-block-post-excerpt\"><p class=\"wp-block-post-excerpt__excerpt\">\ud83c\udf84\ud83c\udf6a\ud83c\udf81\ud83e\uddf8\ud83c\udf84\ud83c\udf6a\ud83c\udf81\ud83e\uddf8\ud83c\udf84\ud83c\udf6a\ud83c\udf81\ud83e\uddf8\ud83c\udf84\ud83c\udf6a\ud83c\udf81\ud83e\uddf8 Der markante Duft von gebrannten Mandeln hatte sicher jeder von uns in der Nase, spaziert man \u00fcber den Weihnachtsmarkt. Doch &#8211; sie selbst zubereiten? Unsere liebe Sophie Sielemann schw\u00f6rt<\/p><p class=\"wp-block-post-excerpt__more-text\"><a class=\"wp-block-post-excerpt__more-link\" href=\"https:\/\/asta.uni-saarland.de\/champus\/2024\/12\/26\/gebrannte-mandeln\/\">weiterlesen \/ read more<\/a><\/p><\/div>\n\n\n<hr class=\"wp-block-separator has-alpha-channel-opacity is-style-wide\"\/>\n\n<\/li><li class=\"wp-block-post post-144 post type-post status-publish format-standard hentry category-artikel tag-christmas-champus-edition tag-fleischkaese tag-kurzgeschichte tag-plaetzchen tag-studentenleben tag-studi tag-tuer tag-weihnachten tag-witzig\">\n\n<div class=\"wp-block-group is-content-justification-space-between is-nowrap is-layout-flex wp-container-core-group-is-layout-0dfbf163 wp-block-group-is-layout-flex\"><div class=\"wp-block-post-date\"><time datetime=\"2024-12-26T17:52:25+01:00\">26. Dezember 2024<\/time><\/div>\n\n<div style=\"background-color:#385a60;padding-top:var(--wp--preset--spacing--20);padding-bottom:var(--wp--preset--spacing--20);padding-left:var(--wp--preset--spacing--40);padding-right:var(--wp--preset--spacing--40)\" class=\"taxonomy-category wp-block-post-terms has-background\"><a href=\"https:\/\/asta.uni-saarland.de\/champus\/category\/artikel\/\" rel=\"tag\">Artikel<\/a><\/div><\/div>\n\n\n<h1 class=\"wp-block-post-title\">Weihnachten vor der T\u00fcr<\/h1>\n\n<div class=\"wp-block-post-excerpt\"><p class=\"wp-block-post-excerpt__excerpt\">\ud83c\udf84\ud83c\udf6a\ud83c\udf81\ud83e\uddf8\ud83c\udf84\ud83c\udf6a\ud83c\udf81\ud83e\uddf8\ud83c\udf84\ud83c\udf6a\ud83c\udf81\ud83e\uddf8\ud83c\udf84\ud83c\udf6a\ud83c\udf81\ud83e\uddf8 Die kleine, aber feine Kurzgeschichte von Lucas Bambach und Jana Guth bereichert unsere Christmas-Champus-Edition. Viel Spa\u00df damit! Strahlend wie ein Weihnachtsstern \u00f6ffne ich die T\u00fcr und nehme gl\u00fccklich und<\/p><p class=\"wp-block-post-excerpt__more-text\"><a class=\"wp-block-post-excerpt__more-link\" href=\"https:\/\/asta.uni-saarland.de\/champus\/2024\/12\/26\/weihnachten-vor-der-tuer\/\">weiterlesen \/ read more<\/a><\/p><\/div>\n\n\n<hr class=\"wp-block-separator has-alpha-channel-opacity is-style-wide\"\/>\n\n<\/li><li class=\"wp-block-post post-141 post type-post status-publish format-standard hentry category-artikel tag-christmas-champus-edition tag-held tag-hund tag-jacob tag-kurzgeschichte tag-samhain tag-weihnachten tag-welpe\">\n\n<div class=\"wp-block-group is-content-justification-space-between is-nowrap is-layout-flex wp-container-core-group-is-layout-0dfbf163 wp-block-group-is-layout-flex\"><div class=\"wp-block-post-date\"><time datetime=\"2024-12-25T18:47:13+01:00\">25. Dezember 2024<\/time><\/div>\n\n<div style=\"background-color:#385a60;padding-top:var(--wp--preset--spacing--20);padding-bottom:var(--wp--preset--spacing--20);padding-left:var(--wp--preset--spacing--40);padding-right:var(--wp--preset--spacing--40)\" class=\"taxonomy-category wp-block-post-terms has-background\"><a href=\"https:\/\/asta.uni-saarland.de\/champus\/category\/artikel\/\" rel=\"tag\">Artikel<\/a><\/div><\/div>\n\n\n<h1 class=\"wp-block-post-title\">Lebendig an Samhain<\/h1>\n\n<div class=\"wp-block-post-excerpt\"><p class=\"wp-block-post-excerpt__excerpt\">\ud83c\udf84\ud83c\udf6a\ud83c\udf81\ud83e\uddf8\ud83c\udf84\ud83c\udf6a\ud83c\udf81\ud83e\uddf8\ud83c\udf84\ud83c\udf6a\ud83c\udf81\ud83e\uddf8\ud83c\udf84\ud83c\udf6a\ud83c\udf81\ud83e\uddf8 Mal nicht weihnachtlich, aber daf\u00fcr tierisch wird es in der von Jana Guth verfassten Kurzgeschichte&#8230; \ud83d\udc15 Lebendig an Samhein Edwine sitzt auf einer Parkbank. Sie bemerkt jemanden hinter sich,<\/p><p class=\"wp-block-post-excerpt__more-text\"><a class=\"wp-block-post-excerpt__more-link\" href=\"https:\/\/asta.uni-saarland.de\/champus\/2024\/12\/25\/lebendig-an-samhain\/\">weiterlesen \/ read more<\/a><\/p><\/div>\n\n\n<hr class=\"wp-block-separator has-alpha-channel-opacity is-style-wide\"\/>\n\n<\/li><li class=\"wp-block-post post-136 post type-post status-publish format-standard hentry category-artikel category-rezept tag-christmas-champus-edition tag-plaetzchen tag-plaetzchenrezept tag-rezept tag-spritzgebaeck tag-weihnachten tag-weihnachtszeit\">\n\n<div class=\"wp-block-group is-content-justification-space-between is-nowrap is-layout-flex wp-container-core-group-is-layout-0dfbf163 wp-block-group-is-layout-flex\"><div class=\"wp-block-post-date\"><time datetime=\"2024-12-25T17:53:30+01:00\">25. Dezember 2024<\/time><\/div>\n\n<div style=\"background-color:#385a60;padding-top:var(--wp--preset--spacing--20);padding-bottom:var(--wp--preset--spacing--20);padding-left:var(--wp--preset--spacing--40);padding-right:var(--wp--preset--spacing--40)\" class=\"taxonomy-category wp-block-post-terms has-background\"><a href=\"https:\/\/asta.uni-saarland.de\/champus\/category\/artikel\/\" rel=\"tag\">Artikel<\/a><span class=\"wp-block-post-terms__separator\">, <\/span><a href=\"https:\/\/asta.uni-saarland.de\/champus\/category\/rezept\/\" rel=\"tag\">Rezept<\/a><\/div><\/div>\n\n\n<h1 class=\"wp-block-post-title\">Spritzgeb\u00e4ck f\u00fcr jeden Geschmack<\/h1>\n\n<div class=\"wp-block-post-excerpt\"><p class=\"wp-block-post-excerpt__excerpt\">\ud83c\udf84\ud83c\udf6a\ud83c\udf81\ud83e\uddf8\ud83c\udf84\ud83c\udf6a\ud83c\udf81\ud83e\uddf8\ud83c\udf84\ud83c\udf6a\ud83c\udf81\ud83e\uddf8\ud83c\udf84\ud83c\udf6a\ud83c\udf81\ud83e\uddf8 Ein weiteres Pl\u00e4tzchenrezept vers\u00fc\u00dft uns die Weihnachtszeit: Spritzgeb\u00e4ck. Wahlweise mit oder ohne Mandeln und N\u00fcssen. Und dabei ist jedwede lustige Form m\u00f6glich!\ud83c\udfb6 Werdet kreativ und tobt euch aus! Schickt<\/p><p class=\"wp-block-post-excerpt__more-text\"><a class=\"wp-block-post-excerpt__more-link\" href=\"https:\/\/asta.uni-saarland.de\/champus\/2024\/12\/25\/spritzgebaeck-fuer-jeden-geschmack\/\">weiterlesen \/ read more<\/a><\/p><\/div>\n\n\n<hr class=\"wp-block-separator has-alpha-channel-opacity is-style-wide\"\/>\n\n<\/li><\/ul>\n\n<nav class=\"wp-block-query-pagination is-layout-flex wp-block-query-pagination-is-layout-flex\" aria-label=\"Seitennummerierung\">\n\n\n<div class=\"wp-block-query-pagination-numbers\"><span aria-current=\"page\" class=\"page-numbers current\">1<\/span>\n<a class=\"page-numbers\" href=\"?query-31-page=2\">2<\/a>\n<a class=\"page-numbers\" href=\"?query-31-page=3\">3<\/a><\/div>\n\n<a href=\"\/champus\/wp-json\/wp\/v2\/pages\/87?query-31-page=2\" class=\"wp-block-query-pagination-next\">N\u00e4chste Seite<\/a>\n<\/nav>\n\n<\/div>\n","protected":false},"excerpt":{"rendered":"","protected":false},"author":3,"featured_media":0,"parent":0,"menu_order":0,"comment_status":"closed","ping_status":"closed","template":"","meta":{"footnotes":""},"class_list":["post-87","page","type-page","status-publish","hentry"],"yoast_head":"<!-- This site is optimized with the Yoast SEO plugin v24.2 - https:\/\/yoast.com\/wordpress\/plugins\/seo\/ -->\n<title>Alle Artikel - Champus UdS<\/title>\n<meta name=\"robots\" content=\"index, follow, max-snippet:-1, max-image-preview:large, max-video-preview:-1\" \/>\n<link rel=\"canonical\" href=\"https:\/\/asta.uni-saarland.de\/champus\/alle-artikel\/\" \/>\n<link rel=\"next\" href=\"https:\/\/asta.uni-saarland.de\/champus\/alle-artikel\/87?query-31-page=2\" \/>\n<meta property=\"og:locale\" content=\"de_DE\" \/>\n<meta property=\"og:type\" content=\"article\" \/>\n<meta property=\"og:title\" content=\"Alle Artikel - Champus UdS\" \/>\n<meta property=\"og:url\" content=\"https:\/\/asta.uni-saarland.de\/champus\/alle-artikel\/\" \/>\n<meta property=\"og:site_name\" content=\"Champus UdS\" \/>\n<meta property=\"article:modified_time\" content=\"2024-11-18T11:56:28+00:00\" \/>\n<meta name=\"twitter:card\" content=\"summary_large_image\" \/>\n<script type=\"application\/ld+json\" class=\"yoast-schema-graph\">{\"@context\":\"https:\/\/schema.org\",\"@graph\":[{\"@type\":\"WebPage\",\"@id\":\"https:\/\/asta.uni-saarland.de\/champus\/alle-artikel\/\",\"url\":\"https:\/\/asta.uni-saarland.de\/champus\/alle-artikel\/\",\"name\":\"Alle Artikel - Champus UdS\",\"isPartOf\":{\"@id\":\"https:\/\/asta.uni-saarland.de\/champus\/#website\"},\"datePublished\":\"2024-11-18T11:54:01+00:00\",\"dateModified\":\"2024-11-18T11:56:28+00:00\",\"breadcrumb\":{\"@id\":\"https:\/\/asta.uni-saarland.de\/champus\/alle-artikel\/#breadcrumb\"},\"inLanguage\":\"de\",\"potentialAction\":[{\"@type\":\"ReadAction\",\"target\":[\"https:\/\/asta.uni-saarland.de\/champus\/alle-artikel\/\"]}]},{\"@type\":\"BreadcrumbList\",\"@id\":\"https:\/\/asta.uni-saarland.de\/champus\/alle-artikel\/#breadcrumb\",\"itemListElement\":[{\"@type\":\"ListItem\",\"position\":1,\"name\":\"Startseite\",\"item\":\"https:\/\/asta.uni-saarland.de\/champus\/\"},{\"@type\":\"ListItem\",\"position\":2,\"name\":\"Alle Artikel\"}]},{\"@type\":\"WebSite\",\"@id\":\"https:\/\/asta.uni-saarland.de\/champus\/#website\",\"url\":\"https:\/\/asta.uni-saarland.de\/champus\/\",\"name\":\"Champus UdS\",\"description\":\"AStA Magazin der Universit\u00e4t des Saarlandes\",\"publisher\":{\"@id\":\"https:\/\/asta.uni-saarland.de\/champus\/#organization\"},\"potentialAction\":[{\"@type\":\"SearchAction\",\"target\":{\"@type\":\"EntryPoint\",\"urlTemplate\":\"https:\/\/asta.uni-saarland.de\/champus\/?s={search_term_string}\"},\"query-input\":{\"@type\":\"PropertyValueSpecification\",\"valueRequired\":true,\"valueName\":\"search_term_string\"}}],\"inLanguage\":\"de\"},{\"@type\":\"Organization\",\"@id\":\"https:\/\/asta.uni-saarland.de\/champus\/#organization\",\"name\":\"Champus UdS\",\"url\":\"https:\/\/asta.uni-saarland.de\/champus\/\",\"logo\":{\"@type\":\"ImageObject\",\"inLanguage\":\"de\",\"@id\":\"https:\/\/asta.uni-saarland.de\/champus\/#\/schema\/logo\/image\/\",\"url\":\"https:\/\/asta.uni-saarland.de\/champus\/wp-content\/uploads\/2024\/09\/cropped-Champus.gif\",\"contentUrl\":\"https:\/\/asta.uni-saarland.de\/champus\/wp-content\/uploads\/2024\/09\/cropped-Champus.gif\",\"width\":268,\"height\":90,\"caption\":\"Champus UdS\"},\"image\":{\"@id\":\"https:\/\/asta.uni-saarland.de\/champus\/#\/schema\/logo\/image\/\"}}]}<\/script>\n<!-- \/ Yoast SEO plugin. -->","yoast_head_json":{"title":"Alle Artikel - Champus UdS","robots":{"index":"index","follow":"follow","max-snippet":"max-snippet:-1","max-image-preview":"max-image-preview:large","max-video-preview":"max-video-preview:-1"},"canonical":"https:\/\/asta.uni-saarland.de\/champus\/alle-artikel\/","next":"https:\/\/asta.uni-saarland.de\/champus\/alle-artikel\/87?query-31-page=2","og_locale":"de_DE","og_type":"article","og_title":"Alle Artikel - Champus UdS","og_url":"https:\/\/asta.uni-saarland.de\/champus\/alle-artikel\/","og_site_name":"Champus UdS","article_modified_time":"2024-11-18T11:56:28+00:00","twitter_card":"summary_large_image","schema":{"@context":"https:\/\/schema.org","@graph":[{"@type":"WebPage","@id":"https:\/\/asta.uni-saarland.de\/champus\/alle-artikel\/","url":"https:\/\/asta.uni-saarland.de\/champus\/alle-artikel\/","name":"Alle Artikel - Champus UdS","isPartOf":{"@id":"https:\/\/asta.uni-saarland.de\/champus\/#website"},"datePublished":"2024-11-18T11:54:01+00:00","dateModified":"2024-11-18T11:56:28+00:00","breadcrumb":{"@id":"https:\/\/asta.uni-saarland.de\/champus\/alle-artikel\/#breadcrumb"},"inLanguage":"de","potentialAction":[{"@type":"ReadAction","target":["https:\/\/asta.uni-saarland.de\/champus\/alle-artikel\/"]}]},{"@type":"BreadcrumbList","@id":"https:\/\/asta.uni-saarland.de\/champus\/alle-artikel\/#breadcrumb","itemListElement":[{"@type":"ListItem","position":1,"name":"Startseite","item":"https:\/\/asta.uni-saarland.de\/champus\/"},{"@type":"ListItem","position":2,"name":"Alle Artikel"}]},{"@type":"WebSite","@id":"https:\/\/asta.uni-saarland.de\/champus\/#website","url":"https:\/\/asta.uni-saarland.de\/champus\/","name":"Champus UdS","description":"AStA Magazin der Universit\u00e4t des Saarlandes","publisher":{"@id":"https:\/\/asta.uni-saarland.de\/champus\/#organization"},"potentialAction":[{"@type":"SearchAction","target":{"@type":"EntryPoint","urlTemplate":"https:\/\/asta.uni-saarland.de\/champus\/?s={search_term_string}"},"query-input":{"@type":"PropertyValueSpecification","valueRequired":true,"valueName":"search_term_string"}}],"inLanguage":"de"},{"@type":"Organization","@id":"https:\/\/asta.uni-saarland.de\/champus\/#organization","name":"Champus UdS","url":"https:\/\/asta.uni-saarland.de\/champus\/","logo":{"@type":"ImageObject","inLanguage":"de","@id":"https:\/\/asta.uni-saarland.de\/champus\/#\/schema\/logo\/image\/","url":"https:\/\/asta.uni-saarland.de\/champus\/wp-content\/uploads\/2024\/09\/cropped-Champus.gif","contentUrl":"https:\/\/asta.uni-saarland.de\/champus\/wp-content\/uploads\/2024\/09\/cropped-Champus.gif","width":268,"height":90,"caption":"Champus UdS"},"image":{"@id":"https:\/\/asta.uni-saarland.de\/champus\/#\/schema\/logo\/image\/"}}]}},"_links":{"self":[{"href":"https:\/\/asta.uni-saarland.de\/champus\/wp-json\/wp\/v2\/pages\/87","targetHints":{"allow":["GET"]}}],"collection":[{"href":"https:\/\/asta.uni-saarland.de\/champus\/wp-json\/wp\/v2\/pages"}],"about":[{"href":"https:\/\/asta.uni-saarland.de\/champus\/wp-json\/wp\/v2\/types\/page"}],"author":[{"embeddable":true,"href":"https:\/\/asta.uni-saarland.de\/champus\/wp-json\/wp\/v2\/users\/3"}],"replies":[{"embeddable":true,"href":"https:\/\/asta.uni-saarland.de\/champus\/wp-json\/wp\/v2\/comments?post=87"}],"version-history":[{"count":19,"href":"https:\/\/asta.uni-saarland.de\/champus\/wp-json\/wp\/v2\/pages\/87\/revisions"}],"predecessor-version":[{"id":108,"href":"https:\/\/asta.uni-saarland.de\/champus\/wp-json\/wp\/v2\/pages\/87\/revisions\/108"}],"wp:attachment":[{"href":"https:\/\/asta.uni-saarland.de\/champus\/wp-json\/wp\/v2\/media?parent=87"}],"curies":[{"name":"wp","href":"https:\/\/api.w.org\/{rel}","templated":true}]}}