{"id":144,"date":"2022-04-04T02:43:14","date_gmt":"2022-04-04T00:43:14","guid":{"rendered":"https:\/\/asta.uni-saarland.de\/unifilm-new\/?page_id=144"},"modified":"2024-10-19T16:25:45","modified_gmt":"2024-10-19T14:25:45","slug":"impressum","status":"publish","type":"page","link":"https:\/\/asta.uni-saarland.de\/unifilm\/impressum\/","title":{"rendered":"Impressum"},"content":{"rendered":"\n<p>Verantwortlicher Diensteanbieter im Sinne des \u00a7 5 TMG:<br>AStA der UdS<br>Referat f\u00fcr Unifilm<br>Campus A5.2<br>66123 Saarbr\u00fccken<br>Telefon: +49 (0) 681 302 \u2013 2858<br>Telefax: +49 (0) 681 302 \u2013 4323<\/p>\n\n\n\n<p>Der Allgemeine Studierendenausschuss der Universit\u00e4t des Saarlandes ist eine Personalk\u00f6rperschaft der Universit\u00e4t des Saarlandes.<\/p>\n\n\n\n<p>Vorsitz:<br>Paul Schrickel, Cedric Bender<\/p>\n\n\n\n<p>Campus A5.2<br>66123 Saarbr\u00fccken<\/p>\n\n\n\n<p>Zust\u00e4ndige Rechtsaufsicht:<br>Universit\u00e4t des Saarlandes, vertreten gem\u00e4\u00df \u00a7 17 UG durch den Universit\u00e4tspr\u00e4sidenten, derzeit:<\/p>\n\n\n\n<p>Ludger Santen<br>Im Stadtwald<br>66123 Saarbr\u00fccken<\/p>\n\n\n\n<p>Inhaltlich verantwortlich im Sinne des \u00a7 18 Absatz 2 MStV:<\/p>\n\n\n\n<p>Bei inhaltlichen Anregungen und Kommentaren wenden Sie sich bitte an unifilm(at)asta.uni-saarland.de. F\u00fcr technische Probleme ist d. Webmaster*in zust\u00e4ndig.<\/p>\n\n\n\n<p>Webmaster*in:<\/p>\n\n\n\n<p>Haftungshinweis: Trotz sorgf\u00e4ltiger inhaltlicher Kontrolle \u00fcbernehmen wir keine Haftung f\u00fcr die Inhalte externer Links. F\u00fcr den Inhalt der verlinkten Seiten sind ausschlie\u00dflich deren Betreiber verantwortlich.<\/p>\n\n\n\n<p>Rechte des Bildmaterials liegt beim jeweiligen Rechteinhaber<\/p>\n","protected":false},"excerpt":{"rendered":"<p>Verantwortlicher Diensteanbieter im Sinne des \u00a7 5 TMG:AStA der UdSReferat f\u00fcr UnifilmCampus A5.266123 Saarbr\u00fcckenTelefon: +49 (0) 681 302 \u2013 2858Telefax: +49 (0) 681 302 \u2013 4323 Der Allgemeine Studierendenausschuss der Universit\u00e4t des Saarlandes ist eine Personalk\u00f6rperschaft der Universit\u00e4t des Saarlandes.<\/p>\n","protected":false},"author":2,"featured_media":0,"parent":0,"menu_order":0,"comment_status":"closed","ping_status":"closed","template":"","meta":{"footnotes":""},"class_list":["post-144","page","type-page","status-publish","hentry"],"yoast_head":"<!-- This site is optimized with the Yoast SEO plugin v23.5 - https:\/\/yoast.com\/wordpress\/plugins\/seo\/ -->\n<title>Impressum - Unifilm Saarbr\u00fccken<\/title>\n<meta name=\"robots\" content=\"index, follow, max-snippet:-1, max-image-preview:large, max-video-preview:-1\" \/>\n<link rel=\"canonical\" href=\"https:\/\/asta.uni-saarland.de\/unifilm\/impressum\/\" \/>\n<meta property=\"og:locale\" content=\"de_DE\" \/>\n<meta property=\"og:type\" content=\"article\" \/>\n<meta property=\"og:title\" content=\"Impressum - Unifilm Saarbr\u00fccken\" \/>\n<meta property=\"og:description\" content=\"Verantwortlicher Diensteanbieter im Sinne des \u00a7 5 TMG:AStA der UdSReferat f\u00fcr UnifilmCampus A5.266123 Saarbr\u00fcckenTelefon: +49 (0) 681 302 \u2013 2858Telefax: +49 (0) 681 302 \u2013 4323 Der Allgemeine Studierendenausschuss der Universit\u00e4t des Saarlandes ist eine Personalk\u00f6rperschaft der Universit\u00e4t des Saarlandes.\" \/>\n<meta property=\"og:url\" content=\"https:\/\/asta.uni-saarland.de\/unifilm\/impressum\/\" \/>\n<meta property=\"og:site_name\" content=\"Unifilm Saarbr\u00fccken\" \/>\n<meta property=\"article:publisher\" content=\"https:\/\/www.instagram.com\/unifilm_uds\/\" \/>\n<meta property=\"article:modified_time\" content=\"2024-10-19T14:25:45+00:00\" \/>\n<meta name=\"twitter:card\" content=\"summary_large_image\" \/>\n<meta name=\"twitter:label1\" content=\"Gesch\u00e4tzte Lesezeit\" \/>\n\t<meta name=\"twitter:data1\" content=\"1\u00a0Minute\" \/>\n<script type=\"application\/ld+json\" class=\"yoast-schema-graph\">{\"@context\":\"https:\/\/schema.org\",\"@graph\":[{\"@type\":\"WebPage\",\"@id\":\"https:\/\/asta.uni-saarland.de\/unifilm\/impressum\/\",\"url\":\"https:\/\/asta.uni-saarland.de\/unifilm\/impressum\/\",\"name\":\"Impressum - Unifilm Saarbr\u00fccken\",\"isPartOf\":{\"@id\":\"https:\/\/asta.uni-saarland.de\/unifilm\/#website\"},\"datePublished\":\"2022-04-04T00:43:14+00:00\",\"dateModified\":\"2024-10-19T14:25:45+00:00\",\"breadcrumb\":{\"@id\":\"https:\/\/asta.uni-saarland.de\/unifilm\/impressum\/#breadcrumb\"},\"inLanguage\":\"de\",\"potentialAction\":[{\"@type\":\"ReadAction\",\"target\":[\"https:\/\/asta.uni-saarland.de\/unifilm\/impressum\/\"]}]},{\"@type\":\"BreadcrumbList\",\"@id\":\"https:\/\/asta.uni-saarland.de\/unifilm\/impressum\/#breadcrumb\",\"itemListElement\":[{\"@type\":\"ListItem\",\"position\":1,\"name\":\"Startseite\",\"item\":\"https:\/\/asta.uni-saarland.de\/unifilm\/\"},{\"@type\":\"ListItem\",\"position\":2,\"name\":\"Impressum\"}]},{\"@type\":\"WebSite\",\"@id\":\"https:\/\/asta.uni-saarland.de\/unifilm\/#website\",\"url\":\"https:\/\/asta.uni-saarland.de\/unifilm\/\",\"name\":\"Unifilm\",\"description\":\"Das Filmprojekt des AStA der UdS\",\"publisher\":{\"@id\":\"https:\/\/asta.uni-saarland.de\/unifilm\/#organization\"},\"potentialAction\":[{\"@type\":\"SearchAction\",\"target\":{\"@type\":\"EntryPoint\",\"urlTemplate\":\"https:\/\/asta.uni-saarland.de\/unifilm\/?s={search_term_string}\"},\"query-input\":{\"@type\":\"PropertyValueSpecification\",\"valueRequired\":true,\"valueName\":\"search_term_string\"}}],\"inLanguage\":\"de\"},{\"@type\":\"Organization\",\"@id\":\"https:\/\/asta.uni-saarland.de\/unifilm\/#organization\",\"name\":\"Unifilm Saarbr\u00fccken\",\"alternateName\":\"Unifilm\",\"url\":\"https:\/\/asta.uni-saarland.de\/unifilm\/\",\"logo\":{\"@type\":\"ImageObject\",\"inLanguage\":\"de\",\"@id\":\"https:\/\/asta.uni-saarland.de\/unifilm\/#\/schema\/logo\/image\/\",\"url\":\"https:\/\/asta.uni-saarland.de\/unifilm\/wp-content\/uploads\/2024\/04\/cropped-cropped-cropped-logo_eule.jpg\",\"contentUrl\":\"https:\/\/asta.uni-saarland.de\/unifilm\/wp-content\/uploads\/2024\/04\/cropped-cropped-cropped-logo_eule.jpg\",\"width\":512,\"height\":512,\"caption\":\"Unifilm Saarbr\u00fccken\"},\"image\":{\"@id\":\"https:\/\/asta.uni-saarland.de\/unifilm\/#\/schema\/logo\/image\/\"},\"sameAs\":[\"https:\/\/www.instagram.com\/unifilm_uds\/\"]}]}<\/script>\n<!-- \/ Yoast SEO plugin. -->","yoast_head_json":{"title":"Impressum - Unifilm Saarbr\u00fccken","robots":{"index":"index","follow":"follow","max-snippet":"max-snippet:-1","max-image-preview":"max-image-preview:large","max-video-preview":"max-video-preview:-1"},"canonical":"https:\/\/asta.uni-saarland.de\/unifilm\/impressum\/","og_locale":"de_DE","og_type":"article","og_title":"Impressum - Unifilm Saarbr\u00fccken","og_description":"Verantwortlicher Diensteanbieter im Sinne des \u00a7 5 TMG:AStA der UdSReferat f\u00fcr UnifilmCampus A5.266123 Saarbr\u00fcckenTelefon: +49 (0) 681 302 \u2013 2858Telefax: +49 (0) 681 302 \u2013 4323 Der Allgemeine Studierendenausschuss der Universit\u00e4t des Saarlandes ist eine Personalk\u00f6rperschaft der Universit\u00e4t des Saarlandes.","og_url":"https:\/\/asta.uni-saarland.de\/unifilm\/impressum\/","og_site_name":"Unifilm Saarbr\u00fccken","article_publisher":"https:\/\/www.instagram.com\/unifilm_uds\/","article_modified_time":"2024-10-19T14:25:45+00:00","twitter_card":"summary_large_image","twitter_misc":{"Gesch\u00e4tzte Lesezeit":"1\u00a0Minute"},"schema":{"@context":"https:\/\/schema.org","@graph":[{"@type":"WebPage","@id":"https:\/\/asta.uni-saarland.de\/unifilm\/impressum\/","url":"https:\/\/asta.uni-saarland.de\/unifilm\/impressum\/","name":"Impressum - Unifilm Saarbr\u00fccken","isPartOf":{"@id":"https:\/\/asta.uni-saarland.de\/unifilm\/#website"},"datePublished":"2022-04-04T00:43:14+00:00","dateModified":"2024-10-19T14:25:45+00:00","breadcrumb":{"@id":"https:\/\/asta.uni-saarland.de\/unifilm\/impressum\/#breadcrumb"},"inLanguage":"de","potentialAction":[{"@type":"ReadAction","target":["https:\/\/asta.uni-saarland.de\/unifilm\/impressum\/"]}]},{"@type":"BreadcrumbList","@id":"https:\/\/asta.uni-saarland.de\/unifilm\/impressum\/#breadcrumb","itemListElement":[{"@type":"ListItem","position":1,"name":"Startseite","item":"https:\/\/asta.uni-saarland.de\/unifilm\/"},{"@type":"ListItem","position":2,"name":"Impressum"}]},{"@type":"WebSite","@id":"https:\/\/asta.uni-saarland.de\/unifilm\/#website","url":"https:\/\/asta.uni-saarland.de\/unifilm\/","name":"Unifilm","description":"Das Filmprojekt des AStA der UdS","publisher":{"@id":"https:\/\/asta.uni-saarland.de\/unifilm\/#organization"},"potentialAction":[{"@type":"SearchAction","target":{"@type":"EntryPoint","urlTemplate":"https:\/\/asta.uni-saarland.de\/unifilm\/?s={search_term_string}"},"query-input":{"@type":"PropertyValueSpecification","valueRequired":true,"valueName":"search_term_string"}}],"inLanguage":"de"},{"@type":"Organization","@id":"https:\/\/asta.uni-saarland.de\/unifilm\/#organization","name":"Unifilm Saarbr\u00fccken","alternateName":"Unifilm","url":"https:\/\/asta.uni-saarland.de\/unifilm\/","logo":{"@type":"ImageObject","inLanguage":"de","@id":"https:\/\/asta.uni-saarland.de\/unifilm\/#\/schema\/logo\/image\/","url":"https:\/\/asta.uni-saarland.de\/unifilm\/wp-content\/uploads\/2024\/04\/cropped-cropped-cropped-logo_eule.jpg","contentUrl":"https:\/\/asta.uni-saarland.de\/unifilm\/wp-content\/uploads\/2024\/04\/cropped-cropped-cropped-logo_eule.jpg","width":512,"height":512,"caption":"Unifilm Saarbr\u00fccken"},"image":{"@id":"https:\/\/asta.uni-saarland.de\/unifilm\/#\/schema\/logo\/image\/"},"sameAs":["https:\/\/www.instagram.com\/unifilm_uds\/"]}]}},"_links":{"self":[{"href":"https:\/\/asta.uni-saarland.de\/unifilm\/wp-json\/wp\/v2\/pages\/144","targetHints":{"allow":["GET"]}}],"collection":[{"href":"https:\/\/asta.uni-saarland.de\/unifilm\/wp-json\/wp\/v2\/pages"}],"about":[{"href":"https:\/\/asta.uni-saarland.de\/unifilm\/wp-json\/wp\/v2\/types\/page"}],"author":[{"embeddable":true,"href":"https:\/\/asta.uni-saarland.de\/unifilm\/wp-json\/wp\/v2\/users\/2"}],"replies":[{"embeddable":true,"href":"https:\/\/asta.uni-saarland.de\/unifilm\/wp-json\/wp\/v2\/comments?post=144"}],"version-history":[{"count":8,"href":"https:\/\/asta.uni-saarland.de\/unifilm\/wp-json\/wp\/v2\/pages\/144\/revisions"}],"predecessor-version":[{"id":1662,"href":"https:\/\/asta.uni-saarland.de\/unifilm\/wp-json\/wp\/v2\/pages\/144\/revisions\/1662"}],"wp:attachment":[{"href":"https:\/\/asta.uni-saarland.de\/unifilm\/wp-json\/wp\/v2\/media?parent=144"}],"curies":[{"name":"wp","href":"https:\/\/api.w.org\/{rel}","templated":true}]}}