{"id":148,"date":"2022-04-04T02:44:30","date_gmt":"2022-04-04T00:44:30","guid":{"rendered":"https:\/\/asta.uni-saarland.de\/unifilm-new\/?page_id=148"},"modified":"2024-05-17T00:53:21","modified_gmt":"2024-05-16T22:53:21","slug":"barrierefreiheit","status":"publish","type":"page","link":"https:\/\/asta.uni-saarland.de\/unifilm\/barrierefreiheit\/","title":{"rendered":"Barrierefreiheit"},"content":{"rendered":"\n<p>Der Besuch der Vorstellungen bei UNIFILM ist barrierefrei m\u00f6glich. Das Geb\u00e4ude ist barrierefrei erreichbar, In den Saal kommt man mit zwei Aufz\u00fcgen, zu denen wir den Schl\u00fcssel immer da haben.<\/p>\n","protected":false},"excerpt":{"rendered":"<p>Der Besuch der Vorstellungen bei UNIFILM ist barrierefrei m\u00f6glich. Das Geb\u00e4ude ist barrierefrei erreichbar, In den Saal kommt man mit zwei Aufz\u00fcgen, zu denen wir den Schl\u00fcssel immer da haben.<\/p>\n","protected":false},"author":2,"featured_media":0,"parent":0,"menu_order":0,"comment_status":"closed","ping_status":"closed","template":"","meta":{"footnotes":""},"class_list":["post-148","page","type-page","status-publish","hentry"],"yoast_head":"<!-- This site is optimized with the Yoast SEO plugin v23.5 - https:\/\/yoast.com\/wordpress\/plugins\/seo\/ -->\n<title>Barrierefreiheit - Unifilm Saarbr\u00fccken<\/title>\n<meta name=\"robots\" content=\"index, follow, max-snippet:-1, max-image-preview:large, max-video-preview:-1\" \/>\n<link rel=\"canonical\" href=\"https:\/\/asta.uni-saarland.de\/unifilm\/barrierefreiheit\/\" \/>\n<meta property=\"og:locale\" content=\"de_DE\" \/>\n<meta property=\"og:type\" content=\"article\" \/>\n<meta property=\"og:title\" content=\"Barrierefreiheit - Unifilm Saarbr\u00fccken\" \/>\n<meta property=\"og:description\" content=\"Der Besuch der Vorstellungen bei UNIFILM ist barrierefrei m\u00f6glich. Das Geb\u00e4ude ist barrierefrei erreichbar, In den Saal kommt man mit zwei Aufz\u00fcgen, zu denen wir den Schl\u00fcssel immer da haben.\" \/>\n<meta property=\"og:url\" content=\"https:\/\/asta.uni-saarland.de\/unifilm\/barrierefreiheit\/\" \/>\n<meta property=\"og:site_name\" content=\"Unifilm Saarbr\u00fccken\" \/>\n<meta property=\"article:publisher\" content=\"https:\/\/www.instagram.com\/unifilm_uds\/\" \/>\n<meta property=\"article:modified_time\" content=\"2024-05-16T22:53:21+00:00\" \/>\n<meta name=\"twitter:card\" content=\"summary_large_image\" \/>\n<meta name=\"twitter:label1\" content=\"Gesch\u00e4tzte Lesezeit\" \/>\n\t<meta name=\"twitter:data1\" content=\"1\u00a0Minute\" \/>\n<script type=\"application\/ld+json\" class=\"yoast-schema-graph\">{\"@context\":\"https:\/\/schema.org\",\"@graph\":[{\"@type\":\"WebPage\",\"@id\":\"https:\/\/asta.uni-saarland.de\/unifilm\/barrierefreiheit\/\",\"url\":\"https:\/\/asta.uni-saarland.de\/unifilm\/barrierefreiheit\/\",\"name\":\"Barrierefreiheit - Unifilm Saarbr\u00fccken\",\"isPartOf\":{\"@id\":\"https:\/\/asta.uni-saarland.de\/unifilm\/#website\"},\"datePublished\":\"2022-04-04T00:44:30+00:00\",\"dateModified\":\"2024-05-16T22:53:21+00:00\",\"breadcrumb\":{\"@id\":\"https:\/\/asta.uni-saarland.de\/unifilm\/barrierefreiheit\/#breadcrumb\"},\"inLanguage\":\"de\",\"potentialAction\":[{\"@type\":\"ReadAction\",\"target\":[\"https:\/\/asta.uni-saarland.de\/unifilm\/barrierefreiheit\/\"]}]},{\"@type\":\"BreadcrumbList\",\"@id\":\"https:\/\/asta.uni-saarland.de\/unifilm\/barrierefreiheit\/#breadcrumb\",\"itemListElement\":[{\"@type\":\"ListItem\",\"position\":1,\"name\":\"Startseite\",\"item\":\"https:\/\/asta.uni-saarland.de\/unifilm\/\"},{\"@type\":\"ListItem\",\"position\":2,\"name\":\"Barrierefreiheit\"}]},{\"@type\":\"WebSite\",\"@id\":\"https:\/\/asta.uni-saarland.de\/unifilm\/#website\",\"url\":\"https:\/\/asta.uni-saarland.de\/unifilm\/\",\"name\":\"Unifilm\",\"description\":\"Das Filmprojekt des AStA der UdS\",\"publisher\":{\"@id\":\"https:\/\/asta.uni-saarland.de\/unifilm\/#organization\"},\"potentialAction\":[{\"@type\":\"SearchAction\",\"target\":{\"@type\":\"EntryPoint\",\"urlTemplate\":\"https:\/\/asta.uni-saarland.de\/unifilm\/?s={search_term_string}\"},\"query-input\":{\"@type\":\"PropertyValueSpecification\",\"valueRequired\":true,\"valueName\":\"search_term_string\"}}],\"inLanguage\":\"de\"},{\"@type\":\"Organization\",\"@id\":\"https:\/\/asta.uni-saarland.de\/unifilm\/#organization\",\"name\":\"Unifilm Saarbr\u00fccken\",\"alternateName\":\"Unifilm\",\"url\":\"https:\/\/asta.uni-saarland.de\/unifilm\/\",\"logo\":{\"@type\":\"ImageObject\",\"inLanguage\":\"de\",\"@id\":\"https:\/\/asta.uni-saarland.de\/unifilm\/#\/schema\/logo\/image\/\",\"url\":\"https:\/\/asta.uni-saarland.de\/unifilm\/wp-content\/uploads\/2024\/04\/cropped-cropped-cropped-logo_eule.jpg\",\"contentUrl\":\"https:\/\/asta.uni-saarland.de\/unifilm\/wp-content\/uploads\/2024\/04\/cropped-cropped-cropped-logo_eule.jpg\",\"width\":512,\"height\":512,\"caption\":\"Unifilm Saarbr\u00fccken\"},\"image\":{\"@id\":\"https:\/\/asta.uni-saarland.de\/unifilm\/#\/schema\/logo\/image\/\"},\"sameAs\":[\"https:\/\/www.instagram.com\/unifilm_uds\/\"]}]}<\/script>\n<!-- \/ Yoast SEO plugin. -->","yoast_head_json":{"title":"Barrierefreiheit - Unifilm Saarbr\u00fccken","robots":{"index":"index","follow":"follow","max-snippet":"max-snippet:-1","max-image-preview":"max-image-preview:large","max-video-preview":"max-video-preview:-1"},"canonical":"https:\/\/asta.uni-saarland.de\/unifilm\/barrierefreiheit\/","og_locale":"de_DE","og_type":"article","og_title":"Barrierefreiheit - Unifilm Saarbr\u00fccken","og_description":"Der Besuch der Vorstellungen bei UNIFILM ist barrierefrei m\u00f6glich. Das Geb\u00e4ude ist barrierefrei erreichbar, In den Saal kommt man mit zwei Aufz\u00fcgen, zu denen wir den Schl\u00fcssel immer da haben.","og_url":"https:\/\/asta.uni-saarland.de\/unifilm\/barrierefreiheit\/","og_site_name":"Unifilm Saarbr\u00fccken","article_publisher":"https:\/\/www.instagram.com\/unifilm_uds\/","article_modified_time":"2024-05-16T22:53:21+00:00","twitter_card":"summary_large_image","twitter_misc":{"Gesch\u00e4tzte Lesezeit":"1\u00a0Minute"},"schema":{"@context":"https:\/\/schema.org","@graph":[{"@type":"WebPage","@id":"https:\/\/asta.uni-saarland.de\/unifilm\/barrierefreiheit\/","url":"https:\/\/asta.uni-saarland.de\/unifilm\/barrierefreiheit\/","name":"Barrierefreiheit - Unifilm Saarbr\u00fccken","isPartOf":{"@id":"https:\/\/asta.uni-saarland.de\/unifilm\/#website"},"datePublished":"2022-04-04T00:44:30+00:00","dateModified":"2024-05-16T22:53:21+00:00","breadcrumb":{"@id":"https:\/\/asta.uni-saarland.de\/unifilm\/barrierefreiheit\/#breadcrumb"},"inLanguage":"de","potentialAction":[{"@type":"ReadAction","target":["https:\/\/asta.uni-saarland.de\/unifilm\/barrierefreiheit\/"]}]},{"@type":"BreadcrumbList","@id":"https:\/\/asta.uni-saarland.de\/unifilm\/barrierefreiheit\/#breadcrumb","itemListElement":[{"@type":"ListItem","position":1,"name":"Startseite","item":"https:\/\/asta.uni-saarland.de\/unifilm\/"},{"@type":"ListItem","position":2,"name":"Barrierefreiheit"}]},{"@type":"WebSite","@id":"https:\/\/asta.uni-saarland.de\/unifilm\/#website","url":"https:\/\/asta.uni-saarland.de\/unifilm\/","name":"Unifilm","description":"Das Filmprojekt des AStA der UdS","publisher":{"@id":"https:\/\/asta.uni-saarland.de\/unifilm\/#organization"},"potentialAction":[{"@type":"SearchAction","target":{"@type":"EntryPoint","urlTemplate":"https:\/\/asta.uni-saarland.de\/unifilm\/?s={search_term_string}"},"query-input":{"@type":"PropertyValueSpecification","valueRequired":true,"valueName":"search_term_string"}}],"inLanguage":"de"},{"@type":"Organization","@id":"https:\/\/asta.uni-saarland.de\/unifilm\/#organization","name":"Unifilm Saarbr\u00fccken","alternateName":"Unifilm","url":"https:\/\/asta.uni-saarland.de\/unifilm\/","logo":{"@type":"ImageObject","inLanguage":"de","@id":"https:\/\/asta.uni-saarland.de\/unifilm\/#\/schema\/logo\/image\/","url":"https:\/\/asta.uni-saarland.de\/unifilm\/wp-content\/uploads\/2024\/04\/cropped-cropped-cropped-logo_eule.jpg","contentUrl":"https:\/\/asta.uni-saarland.de\/unifilm\/wp-content\/uploads\/2024\/04\/cropped-cropped-cropped-logo_eule.jpg","width":512,"height":512,"caption":"Unifilm Saarbr\u00fccken"},"image":{"@id":"https:\/\/asta.uni-saarland.de\/unifilm\/#\/schema\/logo\/image\/"},"sameAs":["https:\/\/www.instagram.com\/unifilm_uds\/"]}]}},"_links":{"self":[{"href":"https:\/\/asta.uni-saarland.de\/unifilm\/wp-json\/wp\/v2\/pages\/148","targetHints":{"allow":["GET"]}}],"collection":[{"href":"https:\/\/asta.uni-saarland.de\/unifilm\/wp-json\/wp\/v2\/pages"}],"about":[{"href":"https:\/\/asta.uni-saarland.de\/unifilm\/wp-json\/wp\/v2\/types\/page"}],"author":[{"embeddable":true,"href":"https:\/\/asta.uni-saarland.de\/unifilm\/wp-json\/wp\/v2\/users\/2"}],"replies":[{"embeddable":true,"href":"https:\/\/asta.uni-saarland.de\/unifilm\/wp-json\/wp\/v2\/comments?post=148"}],"version-history":[{"count":1,"href":"https:\/\/asta.uni-saarland.de\/unifilm\/wp-json\/wp\/v2\/pages\/148\/revisions"}],"predecessor-version":[{"id":149,"href":"https:\/\/asta.uni-saarland.de\/unifilm\/wp-json\/wp\/v2\/pages\/148\/revisions\/149"}],"wp:attachment":[{"href":"https:\/\/asta.uni-saarland.de\/unifilm\/wp-json\/wp\/v2\/media?parent=148"}],"curies":[{"name":"wp","href":"https:\/\/api.w.org\/{rel}","templated":true}]}}