{"id":160,"date":"2022-04-04T03:01:44","date_gmt":"2022-04-04T01:01:44","guid":{"rendered":"https:\/\/asta.uni-saarland.de\/unifilm-new\/?page_id=160"},"modified":"2024-05-17T00:52:56","modified_gmt":"2024-05-16T22:52:56","slug":"anfahrt","status":"publish","type":"page","link":"https:\/\/asta.uni-saarland.de\/unifilm\/anfahrt\/","title":{"rendered":"Anfahrt"},"content":{"rendered":"\n<p>UNIFILM ist sowohl mit dem Auto als auch mit dem \u00d6PNV sehr gut erreichbar.<\/p>\n\n\n\n<h2 class=\"wp-block-heading\">Auto<\/h2>\n\n\n\n<p>Wie Ihr den Campus der Universit\u00e4t mit dem Auto erreicht, k\u00f6nnt Ihr <a href=\"https:\/\/www.uni-saarland.de\/footer\/dialog\/anfahrt\/saarbruecken\/auto.html\" target=\"_blank\" rel=\"noreferrer noopener\">hier<\/a> nachlesen.<br>Bei UNIFILM habt Ihr die einmalige Gelegenheit ausreichend Parkpl\u00e4tze unmittelbar vor dem Geb\u00e4ude zu finden. Ihr k\u00f6nnt kostenlos neben dem <strong>Franz\u00f6sischen Platz<\/strong> auf dem <a href=\"https:\/\/www.uni-saarland.de\/footer\/dialog\/anfahrt\/lageplan\/interaktiv.html\" target=\"_blank\" rel=\"noreferrer noopener\">Campus Saarbr\u00fccken<\/a> parken.<br>Auf den Campus kommt Ihr \u00fcber die Haupteinfahrt (auf der <a href=\"https:\/\/www.uni-saarland.de\/footer\/dialog\/anfahrt\/lageplan\/interaktiv.html\" target=\"_blank\" rel=\"noreferrer noopener\">Karte<\/a> also von links). Sollten die Schranken geschlossen sein, k\u00f6nnt Ihr Euch beruhigt ein Ticket ziehen, das Ihr nach der Vorstellung wieder zum Ausfahren braucht. Das Parken auf dem Campus ist ab 17 Uhr kostenlos.<\/p>\n\n\n\n<h2 class=\"wp-block-heading\">Anfahrt mit dem Bus<\/h2>\n\n\n\n<p>Steigt an der Haltestelle \u00bbUniversit\u00e4t Campus\u00ab aus.<\/p>\n\n\n\n<ul class=\"wp-block-list\"><li><strong>aus\/nach Richtung Saarbr\u00fccken Innenstadt<\/strong><br>Der Campus ist ab <em>Rathaus St. Johann<\/em> mit den <a href=\"http:\/\/www.saarbahn.de\/\" target=\"_blank\" rel=\"noreferrer noopener\">Saarbahn&amp;Bus<\/a>-Linien 101, 102, 109, 111 und 150 erreichbar.<br>Ab <em>Hauptbahnhof<\/em> erreicht Ihr den Campus umsteigefrei mit den Linien 102, 112 und 124.<\/li><li><strong>aus\/nach Dudweiler<\/strong><br>Aus Dudweiler fahren die <a href=\"http:\/\/www.saarbahn.de\/\" target=\"_blank\" rel=\"noreferrer noopener\">Saarbahn&amp;Bus<\/a>-Linien 101, 102, 136 und 138 den Campus an.<\/li><li><strong>ab\/nach R\u00f6merkastell<\/strong><br>Vom R\u00f6merkastell fahren die <a href=\"http:\/\/www.saarbahn.de\/\" target=\"_blank\" rel=\"noreferrer noopener\">Saarbahn&amp;Bus<\/a>-Linien 136 (\u00fcber Ostbahnhof \u2014 Kaiserslauterer Stra\u00dfe \u2014 Ilseplatz) und 138 (\u00fcber Schafbr\u00fccke \u2014 Scheidt) auf den Campus.<\/li><\/ul>\n\n\n\n<p>Dann unter dem CampusCenter durchgehen, immer gerade aus, die Treppe hoch, und dann ist der Franz\u00f6sische Platz erreicht, das Geb\u00e4ude B 4.1 liegt halb rechts auf der anderen Seite des Platzes.<\/p>\n","protected":false},"excerpt":{"rendered":"<p>UNIFILM ist sowohl mit dem Auto als auch mit dem \u00d6PNV sehr gut erreichbar. Auto Wie Ihr den Campus der Universit\u00e4t mit dem Auto erreicht, k\u00f6nnt Ihr hier nachlesen.Bei UNIFILM habt Ihr die einmalige Gelegenheit ausreichend Parkpl\u00e4tze unmittelbar vor dem<\/p>\n","protected":false},"author":2,"featured_media":0,"parent":0,"menu_order":0,"comment_status":"closed","ping_status":"closed","template":"","meta":{"footnotes":""},"class_list":["post-160","page","type-page","status-publish","hentry"],"yoast_head":"<!-- This site is optimized with the Yoast SEO plugin v23.5 - https:\/\/yoast.com\/wordpress\/plugins\/seo\/ -->\n<title>Anfahrt - Unifilm Saarbr\u00fccken<\/title>\n<meta name=\"robots\" content=\"index, follow, max-snippet:-1, max-image-preview:large, max-video-preview:-1\" \/>\n<link rel=\"canonical\" href=\"https:\/\/asta.uni-saarland.de\/unifilm\/anfahrt\/\" \/>\n<meta property=\"og:locale\" content=\"de_DE\" \/>\n<meta property=\"og:type\" content=\"article\" \/>\n<meta property=\"og:title\" content=\"Anfahrt - Unifilm Saarbr\u00fccken\" \/>\n<meta property=\"og:description\" content=\"UNIFILM ist sowohl mit dem Auto als auch mit dem \u00d6PNV sehr gut erreichbar. Auto Wie Ihr den Campus der Universit\u00e4t mit dem Auto erreicht, k\u00f6nnt Ihr hier nachlesen.Bei UNIFILM habt Ihr die einmalige Gelegenheit ausreichend Parkpl\u00e4tze unmittelbar vor dem\" \/>\n<meta property=\"og:url\" content=\"https:\/\/asta.uni-saarland.de\/unifilm\/anfahrt\/\" \/>\n<meta property=\"og:site_name\" content=\"Unifilm Saarbr\u00fccken\" \/>\n<meta property=\"article:publisher\" content=\"https:\/\/www.instagram.com\/unifilm_uds\/\" \/>\n<meta property=\"article:modified_time\" content=\"2024-05-16T22:52:56+00:00\" \/>\n<meta name=\"twitter:card\" content=\"summary_large_image\" \/>\n<meta name=\"twitter:label1\" content=\"Gesch\u00e4tzte Lesezeit\" \/>\n\t<meta name=\"twitter:data1\" content=\"2\u00a0Minuten\" \/>\n<script type=\"application\/ld+json\" class=\"yoast-schema-graph\">{\"@context\":\"https:\/\/schema.org\",\"@graph\":[{\"@type\":\"WebPage\",\"@id\":\"https:\/\/asta.uni-saarland.de\/unifilm\/anfahrt\/\",\"url\":\"https:\/\/asta.uni-saarland.de\/unifilm\/anfahrt\/\",\"name\":\"Anfahrt - Unifilm Saarbr\u00fccken\",\"isPartOf\":{\"@id\":\"https:\/\/asta.uni-saarland.de\/unifilm\/#website\"},\"datePublished\":\"2022-04-04T01:01:44+00:00\",\"dateModified\":\"2024-05-16T22:52:56+00:00\",\"breadcrumb\":{\"@id\":\"https:\/\/asta.uni-saarland.de\/unifilm\/anfahrt\/#breadcrumb\"},\"inLanguage\":\"de\",\"potentialAction\":[{\"@type\":\"ReadAction\",\"target\":[\"https:\/\/asta.uni-saarland.de\/unifilm\/anfahrt\/\"]}]},{\"@type\":\"BreadcrumbList\",\"@id\":\"https:\/\/asta.uni-saarland.de\/unifilm\/anfahrt\/#breadcrumb\",\"itemListElement\":[{\"@type\":\"ListItem\",\"position\":1,\"name\":\"Startseite\",\"item\":\"https:\/\/asta.uni-saarland.de\/unifilm\/\"},{\"@type\":\"ListItem\",\"position\":2,\"name\":\"Anfahrt\"}]},{\"@type\":\"WebSite\",\"@id\":\"https:\/\/asta.uni-saarland.de\/unifilm\/#website\",\"url\":\"https:\/\/asta.uni-saarland.de\/unifilm\/\",\"name\":\"Unifilm\",\"description\":\"Das Filmprojekt des AStA der UdS\",\"publisher\":{\"@id\":\"https:\/\/asta.uni-saarland.de\/unifilm\/#organization\"},\"potentialAction\":[{\"@type\":\"SearchAction\",\"target\":{\"@type\":\"EntryPoint\",\"urlTemplate\":\"https:\/\/asta.uni-saarland.de\/unifilm\/?s={search_term_string}\"},\"query-input\":{\"@type\":\"PropertyValueSpecification\",\"valueRequired\":true,\"valueName\":\"search_term_string\"}}],\"inLanguage\":\"de\"},{\"@type\":\"Organization\",\"@id\":\"https:\/\/asta.uni-saarland.de\/unifilm\/#organization\",\"name\":\"Unifilm Saarbr\u00fccken\",\"alternateName\":\"Unifilm\",\"url\":\"https:\/\/asta.uni-saarland.de\/unifilm\/\",\"logo\":{\"@type\":\"ImageObject\",\"inLanguage\":\"de\",\"@id\":\"https:\/\/asta.uni-saarland.de\/unifilm\/#\/schema\/logo\/image\/\",\"url\":\"https:\/\/asta.uni-saarland.de\/unifilm\/wp-content\/uploads\/2024\/04\/cropped-cropped-cropped-logo_eule.jpg\",\"contentUrl\":\"https:\/\/asta.uni-saarland.de\/unifilm\/wp-content\/uploads\/2024\/04\/cropped-cropped-cropped-logo_eule.jpg\",\"width\":512,\"height\":512,\"caption\":\"Unifilm Saarbr\u00fccken\"},\"image\":{\"@id\":\"https:\/\/asta.uni-saarland.de\/unifilm\/#\/schema\/logo\/image\/\"},\"sameAs\":[\"https:\/\/www.instagram.com\/unifilm_uds\/\"]}]}<\/script>\n<!-- \/ Yoast SEO plugin. -->","yoast_head_json":{"title":"Anfahrt - Unifilm Saarbr\u00fccken","robots":{"index":"index","follow":"follow","max-snippet":"max-snippet:-1","max-image-preview":"max-image-preview:large","max-video-preview":"max-video-preview:-1"},"canonical":"https:\/\/asta.uni-saarland.de\/unifilm\/anfahrt\/","og_locale":"de_DE","og_type":"article","og_title":"Anfahrt - Unifilm Saarbr\u00fccken","og_description":"UNIFILM ist sowohl mit dem Auto als auch mit dem \u00d6PNV sehr gut erreichbar. Auto Wie Ihr den Campus der Universit\u00e4t mit dem Auto erreicht, k\u00f6nnt Ihr hier nachlesen.Bei UNIFILM habt Ihr die einmalige Gelegenheit ausreichend Parkpl\u00e4tze unmittelbar vor dem","og_url":"https:\/\/asta.uni-saarland.de\/unifilm\/anfahrt\/","og_site_name":"Unifilm Saarbr\u00fccken","article_publisher":"https:\/\/www.instagram.com\/unifilm_uds\/","article_modified_time":"2024-05-16T22:52:56+00:00","twitter_card":"summary_large_image","twitter_misc":{"Gesch\u00e4tzte Lesezeit":"2\u00a0Minuten"},"schema":{"@context":"https:\/\/schema.org","@graph":[{"@type":"WebPage","@id":"https:\/\/asta.uni-saarland.de\/unifilm\/anfahrt\/","url":"https:\/\/asta.uni-saarland.de\/unifilm\/anfahrt\/","name":"Anfahrt - Unifilm Saarbr\u00fccken","isPartOf":{"@id":"https:\/\/asta.uni-saarland.de\/unifilm\/#website"},"datePublished":"2022-04-04T01:01:44+00:00","dateModified":"2024-05-16T22:52:56+00:00","breadcrumb":{"@id":"https:\/\/asta.uni-saarland.de\/unifilm\/anfahrt\/#breadcrumb"},"inLanguage":"de","potentialAction":[{"@type":"ReadAction","target":["https:\/\/asta.uni-saarland.de\/unifilm\/anfahrt\/"]}]},{"@type":"BreadcrumbList","@id":"https:\/\/asta.uni-saarland.de\/unifilm\/anfahrt\/#breadcrumb","itemListElement":[{"@type":"ListItem","position":1,"name":"Startseite","item":"https:\/\/asta.uni-saarland.de\/unifilm\/"},{"@type":"ListItem","position":2,"name":"Anfahrt"}]},{"@type":"WebSite","@id":"https:\/\/asta.uni-saarland.de\/unifilm\/#website","url":"https:\/\/asta.uni-saarland.de\/unifilm\/","name":"Unifilm","description":"Das Filmprojekt des AStA der UdS","publisher":{"@id":"https:\/\/asta.uni-saarland.de\/unifilm\/#organization"},"potentialAction":[{"@type":"SearchAction","target":{"@type":"EntryPoint","urlTemplate":"https:\/\/asta.uni-saarland.de\/unifilm\/?s={search_term_string}"},"query-input":{"@type":"PropertyValueSpecification","valueRequired":true,"valueName":"search_term_string"}}],"inLanguage":"de"},{"@type":"Organization","@id":"https:\/\/asta.uni-saarland.de\/unifilm\/#organization","name":"Unifilm Saarbr\u00fccken","alternateName":"Unifilm","url":"https:\/\/asta.uni-saarland.de\/unifilm\/","logo":{"@type":"ImageObject","inLanguage":"de","@id":"https:\/\/asta.uni-saarland.de\/unifilm\/#\/schema\/logo\/image\/","url":"https:\/\/asta.uni-saarland.de\/unifilm\/wp-content\/uploads\/2024\/04\/cropped-cropped-cropped-logo_eule.jpg","contentUrl":"https:\/\/asta.uni-saarland.de\/unifilm\/wp-content\/uploads\/2024\/04\/cropped-cropped-cropped-logo_eule.jpg","width":512,"height":512,"caption":"Unifilm Saarbr\u00fccken"},"image":{"@id":"https:\/\/asta.uni-saarland.de\/unifilm\/#\/schema\/logo\/image\/"},"sameAs":["https:\/\/www.instagram.com\/unifilm_uds\/"]}]}},"_links":{"self":[{"href":"https:\/\/asta.uni-saarland.de\/unifilm\/wp-json\/wp\/v2\/pages\/160","targetHints":{"allow":["GET"]}}],"collection":[{"href":"https:\/\/asta.uni-saarland.de\/unifilm\/wp-json\/wp\/v2\/pages"}],"about":[{"href":"https:\/\/asta.uni-saarland.de\/unifilm\/wp-json\/wp\/v2\/types\/page"}],"author":[{"embeddable":true,"href":"https:\/\/asta.uni-saarland.de\/unifilm\/wp-json\/wp\/v2\/users\/2"}],"replies":[{"embeddable":true,"href":"https:\/\/asta.uni-saarland.de\/unifilm\/wp-json\/wp\/v2\/comments?post=160"}],"version-history":[{"count":1,"href":"https:\/\/asta.uni-saarland.de\/unifilm\/wp-json\/wp\/v2\/pages\/160\/revisions"}],"predecessor-version":[{"id":161,"href":"https:\/\/asta.uni-saarland.de\/unifilm\/wp-json\/wp\/v2\/pages\/160\/revisions\/161"}],"wp:attachment":[{"href":"https:\/\/asta.uni-saarland.de\/unifilm\/wp-json\/wp\/v2\/media?parent=160"}],"curies":[{"name":"wp","href":"https:\/\/api.w.org\/{rel}","templated":true}]}}