{"id":296,"date":"2022-09-11T11:46:13","date_gmt":"2022-09-11T09:46:13","guid":{"rendered":"https:\/\/asta.uni-saarland.de\/unifilm\/?page_id=296"},"modified":"2024-09-24T01:47:55","modified_gmt":"2024-09-23T23:47:55","slug":"ak-film","status":"publish","type":"page","link":"https:\/\/asta.uni-saarland.de\/unifilm\/ak-film\/","title":{"rendered":"Macht mit!"},"content":{"rendered":"\n<div class=\"wp-block-columns is-layout-flex wp-container-core-columns-is-layout-9d6595d7 wp-block-columns-is-layout-flex\">\n<div class=\"wp-block-column is-layout-flow wp-block-column-is-layout-flow\" style=\"flex-basis:66.66%\">\n<p>Das UNIFILM-Team braucht mehr freiwillige Mitarbeiter*innen! Ihr m\u00fcsst euch nicht vorher anmelden oder gar bewerben. Kommt einfach Dienstags ab etwa 18 Uhr zum Audimax und macht mit. Nat\u00fcrlich k\u00f6nnt ihr uns auch vorher <a href=\"https:\/\/asta.uni-saarland.de\/unifilm\/kontakt\/\">kontaktieren<\/a>.<\/p>\n\n\n\n<p>The UNIFILM team needs more volunteers! You don&#8217;t need to apply or even register first. Just join us in front of Audimax on Tuesdays starting at about 6pm. Of course you can <a href=\"https:\/\/asta.uni-saarland.de\/unifilm\/kontakt\/\">contact<\/a> us first if you wish.<\/p>\n<\/div>\n\n\n\n<div class=\"wp-block-column is-layout-flow wp-block-column-is-layout-flow\" style=\"flex-basis:33.33%\">\n<p style=\"background-color:transparent;color:#808080;padding:20px;border-radius:5px\" class=\"wp-block-eventon-blocks-evo-eventon-main ul\"><div class='ajde_evcal_calendar eventon_single_event eventon_event evo_sin_box sev cev color esty_2' ><div class='evo-data'  data-expanded=&#039;1&#039; data-ux_val='4' data-exturl='' data-mapscroll='true' data-mapformat='roadmap' data-mapzoom='18' ><\/div><div class='evo_cal_data' data-sc='{\"excerpt\":\"no\",\"expanded\":\"yes\",\"ux_val\":4,\"exturl\":\"\",\"mapscroll\":\"true\",\"mapformat\":\"roadmap\",\"mapzoom\":\"18\",\"maps_load\":\"yes\"}'><\/div><div id='evcal_list' class='eventon_events_list '><div id=\"event_1333_0\" class=\"eventon_list_event evo_eventtop scheduled  event event_1333_0\" data-event_id=\"1333\" data-ri=\"0r\" data-time=\"1715702400-1715706000\" data-colr=\"#fc1212\" itemscope itemtype='http:\/\/schema.org\/Event'><div class=\"evo_event_schema\" style=\"display:none\" ><a itemprop='url'  href='https:\/\/asta.uni-saarland.de\/unifilm\/events\/unifilm-aufbau-verkauf-und-einlass\/'><\/a><meta itemprop='image'  \/><meta itemprop='startDate' content=\"2024-5-14T18:00+2:00\" \/><meta itemprop='endDate' content=\"2024-5-14T19:00+2:00\" \/><meta itemprop='eventStatus' content=\"https:\/\/schema.org\/EventScheduled\" \/><item style=\"display:none\" itemprop=\"location\" itemscope itemtype=\"http:\/\/schema.org\/Place\"><span itemprop=\"name\">Unifilm Saarbr\u00fccken<\/span><span itemprop=\"address\" itemscope itemtype=\"http:\/\/schema.org\/PostalAddress\"><item itemprop=\"streetAddress\">Campus B4.1<\/item><\/span><\/item><item style=\"display:none\" itemprop=\"eventAttendanceMode\" itemscope itemtype=\"https:\/\/schema.org\/OfflineEventAttendanceMode\"><\/item><script type=\"application\/ld+json\">{\"@context\": \"http:\/\/schema.org\",\"@type\": \"Event\",\n\t\t\t\t\"@id\": \"event_1333_0\",\n\t\t\t\t\"eventAttendanceMode\":\"https:\/\/schema.org\/OfflineEventAttendanceMode\",\n\t\t\t\t\"name\": \"Unifilm: Aufbau, Verkauf und Einlass\",\n\t\t\t\t\"url\": \"https:\/\/asta.uni-saarland.de\/unifilm\/events\/unifilm-aufbau-verkauf-und-einlass\/\",\n\t\t\t\t\"startDate\": \"2024-5-14T18:00+2:00\",\n\t\t\t\t\"endDate\": \"2024-5-14T19:00+2:00\",\n\t\t\t\t\"image\":\"\", \n\t\t\t\t\"description\":\"<!-- wp:paragraph --> <p>Wir treffen uns um etwa 18 Uhr zum Aufbau und f\u00fchren dann die Vorstellung durch.<\/p> <!-- \/wp:paragraph -->  <!-- wp:paragraph --> <p>We meet at about 6pm to prepare and run the screening.<\/p> <!-- \/wp:paragraph -->\",\"location\":[{\"@type\":\"Place\",\"name\":\"Unifilm Saarbr\u00fccken\",\"address\":{\"@type\": \"PostalAddress\",\"streetAddress\":\"Campus B4.1\"}}],\"eventStatus\":\"https:\/\/schema.org\/EventScheduled\"}<\/script><\/div>\n\t\t\t\t<p class=\"desc_trig_outter\" style=\"\"><a data-gmtrig=\"1\" data-exlk=\"0\" style=\"background-color: #fc1212;\" id=\"evc_17157024001333\" class=\"desc_trig sin_val evcal_list_a\" data-ux_val=\"1\" data-ux_val_mob=\"-\"  ><span class='evoet_c2 evoet_cx '><span class='evoet_dayblock evcal_cblock ' data-bgcolor='#fc1212' data-smon='Mai' data-syr='2024'><span class='evo_start '><em class='date'>14<\/em><em class='month'>Mai<\/em><em class='time'>18:00<\/em><\/span><span class='evo_end only_time'><em class='time'>19:00<\/em><\/span><\/span><\/span><span class='event_location_attrs'  data-location_address=\"Campus B4.1\" data-location_type=\"lonlat\" data-location_name=\"Unifilm Saarbr\u00fccken\" data-location_url=\"https:\/\/asta.uni-saarland.de\/unifilm\/event-location\/unifilm-saarbruecken\/\" data-location_status=\"true\" data-latlng=\"49.252968,7.0400265\"><\/span><span class='evoet_c3 evoet_cx evcal_desc evo_info ' ><span class='evoet_tags evo_above_title'><\/span><span class='evoet_title evcal_desc2 evcal_event_title' itemprop='name'>Unifilm: Aufbau, Verkauf und Einlass<\/span><span class='evoet_subtitle evo_below_title'><\/span><span class='evoet_time_expand level_3 evcal_desc_info' ><em class='evcal_time evo_tz_time level_4'>18:00 - 19:00<\/em> <span class='evoet_location level_4'><em class=\"evcal_location\"  data-latlng=\"49.252968,7.0400265\" data-add_str=\"Campus B4.1\"><em class=\"event_location_name\">Unifilm Saarbr\u00fccken<\/em>, Campus B4.1<\/em><\/span><\/span><span class='evcal_desc3'><\/span><\/span><em class='evoet_data' style='display:none' data-bgc='#fc1212'data-bggrad=''><\/em><\/a><\/p><div class='event_description evcal_eventcard ' style=\"display:none\"><div class='evocard_row'><div class='evocard_box eventdetails' data-c='' \n\t\t\t\t\tstyle=''><div class='evo_metarow_details evorow evcal_evdata_row evcal_event_details'>\n\t\t\t\t\t\t\t\t<div class=\"event_excerpt\" style=\"display:none\"><h3 class=\"padb5 evo_h3\">Event-Details<\/h3><p>Wir treffen uns um etwa 18 Uhr zum Aufbau und f\u00fchren dann die Vorstellung durch.\n\n\n\nWe meet at about 6pm to prepare and run the<\/p><\/div><span class='evcal_evdata_icons'><i class='fa fa-align-justify'><\/i><\/span>\n\t\t\t\t\t\t\t\t\n\t\t\t\t\t\t\t\t<div class='evcal_evdata_cell '>\n\t\t\t\t\t\t\t\t\t<div class='eventon_full_description'>\n\t\t\t\t\t\t\t\t\t\t<h3 class='padb5 evo_h3'><span class='evcal_evdata_icons'><i class='fa fa-align-justify'><\/i><\/span>Event-Details<\/h3>\n\t\t\t\t\t\t\t\t\t\t<div class='eventon_desc_in' itemprop='description'>\n\t\t\t\t\t\t\t\t\t\t<p><!-- wp:paragraph --><\/p>\n<p>Wir treffen uns um etwa 18 Uhr zum Aufbau und f\u00fchren dann die Vorstellung durch.<\/p>\n<p><!-- \/wp:paragraph --><\/p>\n<p><!-- wp:paragraph --><\/p>\n<p>We meet at about 6pm to prepare and run the screening.<\/p>\n<p><!-- \/wp:paragraph --><\/p>\n<\/div><div class='clear'><\/div>\n\t\t\t\t\t\t\t\t\t<\/div>\n\t\t\t\t\t\t\t\t<\/div>\n\t\t\t\t\t\t\t<\/div><\/div><\/div><div class='evocard_row'><div class='evocard_box addtocal' data-c='' \n\t\t\t\t\tstyle=''><div class='evo_metarow_ICS evorow evcal_evdata_row'>\n\t\t\t\t\t\t\t\t\t<span class='evcal_evdata_icons'><i class='fa fa-calendar-o'><\/i><\/span>\n\t\t\t\t\t\t\t\t\t<div class='evcal_evdata_cell'>\n\t\t\t\t\t\t\t\t\t\t<p><a href='https:\/\/asta.uni-saarland.de\/unifilm\/wp-admin\/admin-ajax.php?action=eventon_ics_download&event_id=1333&ri=0&nonce=ed69d029b7' class='evo_ics_nCal' title='Deinem Kalender hinzuf\u00fcgen'>Kalender<\/a><a href='\/\/www.google.com\/calendar\/event?action=TEMPLATE&amp;text=Unifilm%3A+Aufbau%2C+Verkauf+und+Einlass&amp;dates=20240514T160000Z\/20240514T170000Z&amp;ctz=Europe\/Berlin&amp;details=Unifilm%3A+Aufbau%2C+Verkauf+und+Einlass&amp;location=Unifilm+Saarbr%C3%BCckenCampus+B4.1' target='_blank' class='evo_ics_gCal' title='Deinem Google-Kalender hinzuf\u00fcgen'>Google Kalender<\/a><\/p>\t\n\t\t\t\t\t\t\t\t\t<\/div>\n\t\t\t\t\t\t\t\t<\/div><\/div><\/div><div class='evo_card_row_end evcal_close' title='Event schlie\u00dfen'><\/div><\/div><div class='clear end'><\/div><\/div><\/div><\/div><\/p>\n<\/div>\n<\/div>\n","protected":false},"excerpt":{"rendered":"<p>Das UNIFILM-Team braucht mehr freiwillige Mitarbeiter*innen! Ihr m\u00fcsst euch nicht vorher anmelden oder gar bewerben. Kommt einfach Dienstags ab etwa 18 Uhr zum Audimax und macht mit. Nat\u00fcrlich k\u00f6nnt ihr uns auch vorher kontaktieren. The UNIFILM team needs more volunteers!<\/p>\n","protected":false},"author":2,"featured_media":0,"parent":0,"menu_order":0,"comment_status":"closed","ping_status":"closed","template":"","meta":{"footnotes":""},"class_list":["post-296","page","type-page","status-publish","hentry"],"yoast_head":"<!-- This site is optimized with the Yoast SEO plugin v23.5 - https:\/\/yoast.com\/wordpress\/plugins\/seo\/ -->\n<title>Macht mit! - Unifilm Saarbr\u00fccken<\/title>\n<meta name=\"robots\" content=\"index, follow, max-snippet:-1, max-image-preview:large, max-video-preview:-1\" \/>\n<link rel=\"canonical\" href=\"https:\/\/asta.uni-saarland.de\/unifilm\/ak-film\/\" \/>\n<meta property=\"og:locale\" content=\"de_DE\" \/>\n<meta property=\"og:type\" content=\"article\" \/>\n<meta property=\"og:title\" content=\"Macht mit! - Unifilm Saarbr\u00fccken\" \/>\n<meta property=\"og:description\" content=\"Das UNIFILM-Team braucht mehr freiwillige Mitarbeiter*innen! Ihr m\u00fcsst euch nicht vorher anmelden oder gar bewerben. Kommt einfach Dienstags ab etwa 18 Uhr zum Audimax und macht mit. Nat\u00fcrlich k\u00f6nnt ihr uns auch vorher kontaktieren. The UNIFILM team needs more volunteers!\" \/>\n<meta property=\"og:url\" content=\"https:\/\/asta.uni-saarland.de\/unifilm\/ak-film\/\" \/>\n<meta property=\"og:site_name\" content=\"Unifilm Saarbr\u00fccken\" \/>\n<meta property=\"article:publisher\" content=\"https:\/\/www.instagram.com\/unifilm_uds\/\" \/>\n<meta property=\"article:modified_time\" content=\"2024-09-23T23:47:55+00:00\" \/>\n<meta name=\"twitter:card\" content=\"summary_large_image\" \/>\n<meta name=\"twitter:label1\" content=\"Gesch\u00e4tzte Lesezeit\" \/>\n\t<meta name=\"twitter:data1\" content=\"1\u00a0Minute\" \/>\n<script type=\"application\/ld+json\" class=\"yoast-schema-graph\">{\"@context\":\"https:\/\/schema.org\",\"@graph\":[{\"@type\":\"WebPage\",\"@id\":\"https:\/\/asta.uni-saarland.de\/unifilm\/ak-film\/\",\"url\":\"https:\/\/asta.uni-saarland.de\/unifilm\/ak-film\/\",\"name\":\"Macht mit! - Unifilm Saarbr\u00fccken\",\"isPartOf\":{\"@id\":\"https:\/\/asta.uni-saarland.de\/unifilm\/#website\"},\"datePublished\":\"2022-09-11T09:46:13+00:00\",\"dateModified\":\"2024-09-23T23:47:55+00:00\",\"breadcrumb\":{\"@id\":\"https:\/\/asta.uni-saarland.de\/unifilm\/ak-film\/#breadcrumb\"},\"inLanguage\":\"de\",\"potentialAction\":[{\"@type\":\"ReadAction\",\"target\":[\"https:\/\/asta.uni-saarland.de\/unifilm\/ak-film\/\"]}]},{\"@type\":\"BreadcrumbList\",\"@id\":\"https:\/\/asta.uni-saarland.de\/unifilm\/ak-film\/#breadcrumb\",\"itemListElement\":[{\"@type\":\"ListItem\",\"position\":1,\"name\":\"Startseite\",\"item\":\"https:\/\/asta.uni-saarland.de\/unifilm\/\"},{\"@type\":\"ListItem\",\"position\":2,\"name\":\"Macht mit!\"}]},{\"@type\":\"WebSite\",\"@id\":\"https:\/\/asta.uni-saarland.de\/unifilm\/#website\",\"url\":\"https:\/\/asta.uni-saarland.de\/unifilm\/\",\"name\":\"Unifilm\",\"description\":\"Das Filmprojekt des AStA der UdS\",\"publisher\":{\"@id\":\"https:\/\/asta.uni-saarland.de\/unifilm\/#organization\"},\"potentialAction\":[{\"@type\":\"SearchAction\",\"target\":{\"@type\":\"EntryPoint\",\"urlTemplate\":\"https:\/\/asta.uni-saarland.de\/unifilm\/?s={search_term_string}\"},\"query-input\":{\"@type\":\"PropertyValueSpecification\",\"valueRequired\":true,\"valueName\":\"search_term_string\"}}],\"inLanguage\":\"de\"},{\"@type\":\"Organization\",\"@id\":\"https:\/\/asta.uni-saarland.de\/unifilm\/#organization\",\"name\":\"Unifilm Saarbr\u00fccken\",\"alternateName\":\"Unifilm\",\"url\":\"https:\/\/asta.uni-saarland.de\/unifilm\/\",\"logo\":{\"@type\":\"ImageObject\",\"inLanguage\":\"de\",\"@id\":\"https:\/\/asta.uni-saarland.de\/unifilm\/#\/schema\/logo\/image\/\",\"url\":\"https:\/\/asta.uni-saarland.de\/unifilm\/wp-content\/uploads\/2024\/04\/cropped-cropped-cropped-logo_eule.jpg\",\"contentUrl\":\"https:\/\/asta.uni-saarland.de\/unifilm\/wp-content\/uploads\/2024\/04\/cropped-cropped-cropped-logo_eule.jpg\",\"width\":512,\"height\":512,\"caption\":\"Unifilm Saarbr\u00fccken\"},\"image\":{\"@id\":\"https:\/\/asta.uni-saarland.de\/unifilm\/#\/schema\/logo\/image\/\"},\"sameAs\":[\"https:\/\/www.instagram.com\/unifilm_uds\/\"]}]}<\/script>\n<!-- \/ Yoast SEO plugin. -->","yoast_head_json":{"title":"Macht mit! - Unifilm Saarbr\u00fccken","robots":{"index":"index","follow":"follow","max-snippet":"max-snippet:-1","max-image-preview":"max-image-preview:large","max-video-preview":"max-video-preview:-1"},"canonical":"https:\/\/asta.uni-saarland.de\/unifilm\/ak-film\/","og_locale":"de_DE","og_type":"article","og_title":"Macht mit! - Unifilm Saarbr\u00fccken","og_description":"Das UNIFILM-Team braucht mehr freiwillige Mitarbeiter*innen! Ihr m\u00fcsst euch nicht vorher anmelden oder gar bewerben. Kommt einfach Dienstags ab etwa 18 Uhr zum Audimax und macht mit. Nat\u00fcrlich k\u00f6nnt ihr uns auch vorher kontaktieren. The UNIFILM team needs more volunteers!","og_url":"https:\/\/asta.uni-saarland.de\/unifilm\/ak-film\/","og_site_name":"Unifilm Saarbr\u00fccken","article_publisher":"https:\/\/www.instagram.com\/unifilm_uds\/","article_modified_time":"2024-09-23T23:47:55+00:00","twitter_card":"summary_large_image","twitter_misc":{"Gesch\u00e4tzte Lesezeit":"1\u00a0Minute"},"schema":{"@context":"https:\/\/schema.org","@graph":[{"@type":"WebPage","@id":"https:\/\/asta.uni-saarland.de\/unifilm\/ak-film\/","url":"https:\/\/asta.uni-saarland.de\/unifilm\/ak-film\/","name":"Macht mit! - Unifilm Saarbr\u00fccken","isPartOf":{"@id":"https:\/\/asta.uni-saarland.de\/unifilm\/#website"},"datePublished":"2022-09-11T09:46:13+00:00","dateModified":"2024-09-23T23:47:55+00:00","breadcrumb":{"@id":"https:\/\/asta.uni-saarland.de\/unifilm\/ak-film\/#breadcrumb"},"inLanguage":"de","potentialAction":[{"@type":"ReadAction","target":["https:\/\/asta.uni-saarland.de\/unifilm\/ak-film\/"]}]},{"@type":"BreadcrumbList","@id":"https:\/\/asta.uni-saarland.de\/unifilm\/ak-film\/#breadcrumb","itemListElement":[{"@type":"ListItem","position":1,"name":"Startseite","item":"https:\/\/asta.uni-saarland.de\/unifilm\/"},{"@type":"ListItem","position":2,"name":"Macht mit!"}]},{"@type":"WebSite","@id":"https:\/\/asta.uni-saarland.de\/unifilm\/#website","url":"https:\/\/asta.uni-saarland.de\/unifilm\/","name":"Unifilm","description":"Das Filmprojekt des AStA der UdS","publisher":{"@id":"https:\/\/asta.uni-saarland.de\/unifilm\/#organization"},"potentialAction":[{"@type":"SearchAction","target":{"@type":"EntryPoint","urlTemplate":"https:\/\/asta.uni-saarland.de\/unifilm\/?s={search_term_string}"},"query-input":{"@type":"PropertyValueSpecification","valueRequired":true,"valueName":"search_term_string"}}],"inLanguage":"de"},{"@type":"Organization","@id":"https:\/\/asta.uni-saarland.de\/unifilm\/#organization","name":"Unifilm Saarbr\u00fccken","alternateName":"Unifilm","url":"https:\/\/asta.uni-saarland.de\/unifilm\/","logo":{"@type":"ImageObject","inLanguage":"de","@id":"https:\/\/asta.uni-saarland.de\/unifilm\/#\/schema\/logo\/image\/","url":"https:\/\/asta.uni-saarland.de\/unifilm\/wp-content\/uploads\/2024\/04\/cropped-cropped-cropped-logo_eule.jpg","contentUrl":"https:\/\/asta.uni-saarland.de\/unifilm\/wp-content\/uploads\/2024\/04\/cropped-cropped-cropped-logo_eule.jpg","width":512,"height":512,"caption":"Unifilm Saarbr\u00fccken"},"image":{"@id":"https:\/\/asta.uni-saarland.de\/unifilm\/#\/schema\/logo\/image\/"},"sameAs":["https:\/\/www.instagram.com\/unifilm_uds\/"]}]}},"_links":{"self":[{"href":"https:\/\/asta.uni-saarland.de\/unifilm\/wp-json\/wp\/v2\/pages\/296","targetHints":{"allow":["GET"]}}],"collection":[{"href":"https:\/\/asta.uni-saarland.de\/unifilm\/wp-json\/wp\/v2\/pages"}],"about":[{"href":"https:\/\/asta.uni-saarland.de\/unifilm\/wp-json\/wp\/v2\/types\/page"}],"author":[{"embeddable":true,"href":"https:\/\/asta.uni-saarland.de\/unifilm\/wp-json\/wp\/v2\/users\/2"}],"replies":[{"embeddable":true,"href":"https:\/\/asta.uni-saarland.de\/unifilm\/wp-json\/wp\/v2\/comments?post=296"}],"version-history":[{"count":56,"href":"https:\/\/asta.uni-saarland.de\/unifilm\/wp-json\/wp\/v2\/pages\/296\/revisions"}],"predecessor-version":[{"id":1490,"href":"https:\/\/asta.uni-saarland.de\/unifilm\/wp-json\/wp\/v2\/pages\/296\/revisions\/1490"}],"wp:attachment":[{"href":"https:\/\/asta.uni-saarland.de\/unifilm\/wp-json\/wp\/v2\/media?parent=296"}],"curies":[{"name":"wp","href":"https:\/\/api.w.org\/{rel}","templated":true}]}}